{"id":4214,"date":"2025-07-24T21:36:54","date_gmt":"2025-07-24T19:36:54","guid":{"rendered":"https:\/\/alicevallat.fr\/privacy-policy\/"},"modified":"2025-07-28T10:48:38","modified_gmt":"2025-07-28T08:48:38","slug":"privacy-policy","status":"publish","type":"page","link":"https:\/\/alicevallat.fr\/en\/privacy-policy\/","title":{"rendered":"PRIVACY POLICY"},"content":{"rendered":"\t\t<div data-elementor-type=\"wp-page\" data-elementor-id=\"4214\" class=\"elementor elementor-4214 elementor-3731\" data-elementor-post-type=\"page\">\n\t\t\t\t<div class=\"elementor-element elementor-element-100fb92f e-con-full e-flex e-con e-parent\" data-id=\"100fb92f\" data-element_type=\"container\" data-e-type=\"container\" data-settings=\"{&quot;background_background&quot;:&quot;classic&quot;}\">\n\t\t<div class=\"elementor-element elementor-element-357e883d e-grid e-con-boxed e-con e-child\" data-id=\"357e883d\" data-element_type=\"container\" data-e-type=\"container\">\n\t\t\t\t\t<div class=\"e-con-inner\">\n\t\t<div class=\"elementor-element elementor-element-33645266 e-con-full e-flex e-con e-child\" data-id=\"33645266\" data-element_type=\"container\" data-e-type=\"container\">\n\t\t\t\t<div class=\"elementor-element elementor-element-22851e88 animated-slow elementor-invisible elementor-widget elementor-widget-heading\" data-id=\"22851e88\" data-element_type=\"widget\" data-e-type=\"widget\" data-settings=\"{&quot;_animation&quot;:&quot;slideInLeft&quot;}\" data-widget_type=\"heading.default\">\n\t\t\t\t<div class=\"elementor-widget-container\">\n\t\t\t\t\t<h2 class=\"elementor-heading-title elementor-size-default\">PRIVACY POLICY<\/h2>\t\t\t\t<\/div>\n\t\t\t\t<\/div>\n\t\t\t\t<\/div>\n\t\t<div class=\"elementor-element elementor-element-3463cf6c e-con-full animated-slow e-flex elementor-invisible e-con e-child\" data-id=\"3463cf6c\" data-element_type=\"container\" data-e-type=\"container\" data-settings=\"{&quot;animation&quot;:&quot;slideInUp&quot;}\">\n\t\t\t\t<\/div>\n\t\t\t\t\t<\/div>\n\t\t\t\t<\/div>\n\t\t\t\t<\/div>\n\t\t<div class=\"elementor-element elementor-element-52170743 e-con-full e-flex e-con e-parent\" data-id=\"52170743\" data-element_type=\"container\" data-e-type=\"container\" data-settings=\"{&quot;background_background&quot;:&quot;classic&quot;}\">\n\t\t<div class=\"elementor-element elementor-element-72bc9082 e-con-full animated-slow e-flex elementor-invisible e-con e-child\" data-id=\"72bc9082\" data-element_type=\"container\" data-e-type=\"container\" data-settings=\"{&quot;background_background&quot;:&quot;classic&quot;,&quot;animation&quot;:&quot;slideInUp&quot;}\">\n\t\t<div class=\"elementor-element elementor-element-5bbaa3b e-con-full e-flex e-con e-child\" data-id=\"5bbaa3b\" data-element_type=\"container\" data-e-type=\"container\">\n\t\t\t\t<div class=\"elementor-element elementor-element-5b8e5b19 elementor-widget elementor-widget-heading\" data-id=\"5b8e5b19\" data-element_type=\"widget\" data-e-type=\"widget\" data-widget_type=\"heading.default\">\n\t\t\t\t<div class=\"elementor-widget-container\">\n\t\t\t\t\t<h2 class=\"elementor-heading-title elementor-size-default\">Last update: 04\/17\/2025<\/h2>\t\t\t\t<\/div>\n\t\t\t\t<\/div>\n\t\t\t\t<div class=\"elementor-element elementor-element-66a51da4 elementor-widget elementor-widget-heading\" data-id=\"66a51da4\" data-element_type=\"widget\" data-e-type=\"widget\" data-widget_type=\"heading.default\">\n\t\t\t\t<div class=\"elementor-widget-container\">\n\t\t\t\t\t<h2 class=\"elementor-heading-title elementor-size-default\">Introduction<\/h2>\t\t\t\t<\/div>\n\t\t\t\t<\/div>\n\t\t\t\t<div class=\"elementor-element elementor-element-585fe3be elementor-widget elementor-widget-text-editor\" data-id=\"585fe3be\" data-element_type=\"widget\" data-e-type=\"widget\" data-widget_type=\"text-editor.default\">\n\t\t\t\t<div class=\"elementor-widget-container\">\n\t\t\t\t\t\t\t\t\t<p class=\"\" data-start=\"503\" data-end=\"782\">The website <strong data-start=\"511\" data-end=\"529\">alicevallat.fr<\/strong> (hereinafter referred to as &#8220;the Site&#8221;) is committed to protecting your personal data. This privacy policy explains how your information is collected, used, and protected in accordance with the General Data Protection Regulation (GDPR). <\/p><p class=\"\" data-start=\"784\" data-end=\"917\">By using this Site, you agree to the collection and use of your personal data as described below.<\/p>\t\t\t\t\t\t\t\t<\/div>\n\t\t\t\t<\/div>\n\t\t\t\t<div class=\"elementor-element elementor-element-4b1670f elementor-widget elementor-widget-heading\" data-id=\"4b1670f\" data-element_type=\"widget\" data-e-type=\"widget\" data-widget_type=\"heading.default\">\n\t\t\t\t<div class=\"elementor-widget-container\">\n\t\t\t\t\t<h2 class=\"elementor-heading-title elementor-size-default\">Data controller<\/h2>\t\t\t\t<\/div>\n\t\t\t\t<\/div>\n\t\t\t\t<div class=\"elementor-element elementor-element-4ccd8bc1 elementor-widget elementor-widget-text-editor\" data-id=\"4ccd8bc1\" data-element_type=\"widget\" data-e-type=\"widget\" data-widget_type=\"text-editor.default\">\n\t\t\t\t<div class=\"elementor-widget-container\">\n\t\t\t\t\t\t\t\t\t<p>The data controller is:<br data-start=\"998\" data-end=\"1001\"><strong data-start=\"1001\" data-end=\"1017\">Alice Vallat<\/strong><\/p>\t\t\t\t\t\t\t\t<\/div>\n\t\t\t\t<\/div>\n\t\t\t\t<div class=\"elementor-element elementor-element-a343fb6 elementor-widget elementor-widget-heading\" data-id=\"a343fb6\" data-element_type=\"widget\" data-e-type=\"widget\" data-widget_type=\"heading.default\">\n\t\t\t\t<div class=\"elementor-widget-container\">\n\t\t\t\t\t<h2 class=\"elementor-heading-title elementor-size-default\">Collected data<\/h2>\t\t\t\t<\/div>\n\t\t\t\t<\/div>\n\t\t\t\t<div class=\"elementor-element elementor-element-6faa91f0 elementor-widget elementor-widget-text-editor\" data-id=\"6faa91f0\" data-element_type=\"widget\" data-e-type=\"widget\" data-widget_type=\"text-editor.default\">\n\t\t\t\t<div class=\"elementor-widget-container\">\n\t\t\t\t\t\t\t\t\t<p class=\"\" data-start=\"1124\" data-end=\"1196\">We collect the following data when you use our Site:<\/p><ul data-start=\"1198\" data-end=\"1635\"><li class=\"\" data-start=\"1198\" data-end=\"1459\"><p class=\"\" data-start=\"1200\" data-end=\"1459\">Data you send us directly: via forms (contact, quotation, newsletter registration), this may include your first name, last name, e-mail address, telephone number and any other information you choose to communicate to us.<\/p><\/li><li class=\"\" data-start=\"1460\" data-end=\"1635\"><p class=\"\" data-start=\"1462\" data-end=\"1635\">Data collected automatically: your IP address, browser type, pages visited, browsing time (via cookies and analysis tools if used).<\/p><\/li><\/ul>\t\t\t\t\t\t\t\t<\/div>\n\t\t\t\t<\/div>\n\t\t\t\t<div class=\"elementor-element elementor-element-45849456 elementor-widget elementor-widget-heading\" data-id=\"45849456\" data-element_type=\"widget\" data-e-type=\"widget\" data-widget_type=\"heading.default\">\n\t\t\t\t<div class=\"elementor-widget-container\">\n\t\t\t\t\t<h2 class=\"elementor-heading-title elementor-size-default\">Data usage<\/h2>\t\t\t\t<\/div>\n\t\t\t\t<\/div>\n\t\t\t\t<div class=\"elementor-element elementor-element-7c49f39d elementor-widget elementor-widget-text-editor\" data-id=\"7c49f39d\" data-element_type=\"widget\" data-e-type=\"widget\" data-widget_type=\"text-editor.default\">\n\t\t\t\t<div class=\"elementor-widget-container\">\n\t\t\t\t\t\t\t\t\t<p class=\"\" data-start=\"1668\" data-end=\"1720\">The data collected may be used for :<\/p><ul data-start=\"1722\" data-end=\"1975\"><li class=\"\" data-start=\"1722\" data-end=\"1767\"><p class=\"\" data-start=\"1724\" data-end=\"1767\">Respond to your requests for contact or quotes<\/p><\/li><li class=\"\" data-start=\"1768\" data-end=\"1852\"><p class=\"\" data-start=\"1770\" data-end=\"1852\">Send you information or commercial offers (if you have given your consent)<\/p><\/li><li class=\"\" data-start=\"1853\" data-end=\"1901\"><p class=\"\" data-start=\"1855\" data-end=\"1901\">Improve the user experience on the Site<\/p><\/li><li class=\"\" data-start=\"1902\" data-end=\"1975\"><p class=\"\" data-start=\"1904\" data-end=\"1975\">Carry out anonymous statistical analyses to improve our services<\/p><\/li><\/ul>\t\t\t\t\t\t\t\t<\/div>\n\t\t\t\t<\/div>\n\t\t\t\t<div class=\"elementor-element elementor-element-6c09990d elementor-widget elementor-widget-heading\" data-id=\"6c09990d\" data-element_type=\"widget\" data-e-type=\"widget\" data-widget_type=\"heading.default\">\n\t\t\t\t<div class=\"elementor-widget-container\">\n\t\t\t\t\t<h2 class=\"elementor-heading-title elementor-size-default\">Cookies<\/h2>\t\t\t\t<\/div>\n\t\t\t\t<\/div>\n\t\t\t\t<div class=\"elementor-element elementor-element-5de99d43 elementor-widget elementor-widget-text-editor\" data-id=\"5de99d43\" data-element_type=\"widget\" data-e-type=\"widget\" data-widget_type=\"text-editor.default\">\n\t\t\t\t<div class=\"elementor-widget-container\">\n\t\t\t\t\t\t\t\t\t<p>The Site uses cookies to ensure its smooth operation and to analyze its audience. You can configure your cookie preferences via the banner provided on your first visit. <\/p>\t\t\t\t\t\t\t\t<\/div>\n\t\t\t\t<\/div>\n\t\t\t\t<div class=\"elementor-element elementor-element-1efde8c3 elementor-widget elementor-widget-heading\" data-id=\"1efde8c3\" data-element_type=\"widget\" data-e-type=\"widget\" data-widget_type=\"heading.default\">\n\t\t\t\t<div class=\"elementor-widget-container\">\n\t\t\t\t\t<h2 class=\"elementor-heading-title elementor-size-default\">Data recipients<\/h2>\t\t\t\t<\/div>\n\t\t\t\t<\/div>\n\t\t\t\t<div class=\"elementor-element elementor-element-488fbe6e elementor-widget elementor-widget-text-editor\" data-id=\"488fbe6e\" data-element_type=\"widget\" data-e-type=\"widget\" data-widget_type=\"text-editor.default\">\n\t\t\t\t<div class=\"elementor-widget-container\">\n\t\t\t\t\t\t\t\t\t<p>Your personal data is intended solely for <strong data-start=\"2407\" data-end=\"2423\">Alice Vallat<\/strong> and will never be sold or shared with third parties without your consent, unless required by law.<\/p>\t\t\t\t\t\t\t\t<\/div>\n\t\t\t\t<\/div>\n\t\t\t\t<div class=\"elementor-element elementor-element-42223466 elementor-widget elementor-widget-heading\" data-id=\"42223466\" data-element_type=\"widget\" data-e-type=\"widget\" data-widget_type=\"heading.default\">\n\t\t\t\t<div class=\"elementor-widget-container\">\n\t\t\t\t\t<h2 class=\"elementor-heading-title elementor-size-default\">Shelf life<\/h2>\t\t\t\t<\/div>\n\t\t\t\t<\/div>\n\t\t\t\t<div class=\"elementor-element elementor-element-2890dcae elementor-widget elementor-widget-text-editor\" data-id=\"2890dcae\" data-element_type=\"widget\" data-e-type=\"widget\" data-widget_type=\"text-editor.default\">\n\t\t\t\t<div class=\"elementor-widget-container\">\n\t\t\t\t\t\t\t\t\t<p class=\"\" data-start=\"2557\" data-end=\"2685\">We keep your personal data only as long as is necessary for the purposes for which they were collected:<\/p><ul data-start=\"2687\" data-end=\"2859\"><li class=\"\" data-start=\"2687\" data-end=\"2756\"><p class=\"\" data-start=\"2689\" data-end=\"2756\">Requests via contact form: 3 years after last contact<\/p><\/li><li class=\"\" data-start=\"2757\" data-end=\"2798\"><p class=\"\" data-start=\"2759\" data-end=\"2798\">Browsing data: 13 months maximum<\/p><\/li><li class=\"\" data-start=\"2799\" data-end=\"2859\"><p class=\"\" data-start=\"2801\" data-end=\"2859\">Newsletter subscription: until you unsubscribe<\/p><\/li><\/ul>\t\t\t\t\t\t\t\t<\/div>\n\t\t\t\t<\/div>\n\t\t\t\t<div class=\"elementor-element elementor-element-752ec04 elementor-widget elementor-widget-heading\" data-id=\"752ec04\" data-element_type=\"widget\" data-e-type=\"widget\" data-widget_type=\"heading.default\">\n\t\t\t\t<div class=\"elementor-widget-container\">\n\t\t\t\t\t<h2 class=\"elementor-heading-title elementor-size-default\">Your rights<\/h2>\t\t\t\t<\/div>\n\t\t\t\t<\/div>\n\t\t\t\t<div class=\"elementor-element elementor-element-767f40ff elementor-widget elementor-widget-text-editor\" data-id=\"767f40ff\" data-element_type=\"widget\" data-e-type=\"widget\" data-widget_type=\"text-editor.default\">\n\t\t\t\t<div class=\"elementor-widget-container\">\n\t\t\t\t\t\t\t\t\t<p class=\"\" data-start=\"2879\" data-end=\"2936\">In accordance with the RGPD, you have the following rights:<\/p><ul data-start=\"2938\" data-end=\"3176\"><li class=\"\" data-start=\"2938\" data-end=\"2967\"><p class=\"\" data-start=\"2940\" data-end=\"2967\">Right of access to your data<\/p><\/li><li class=\"\" data-start=\"2968\" data-end=\"3007\"><p class=\"\" data-start=\"2970\" data-end=\"3007\">Right to rectify your data<\/p><\/li><li class=\"\" data-start=\"3008\" data-end=\"3048\"><p class=\"\" data-start=\"3010\" data-end=\"3048\">Right to erasure (right to be forgotten)<\/p><\/li><li class=\"\" data-start=\"3049\" data-end=\"3086\"><p class=\"\" data-start=\"3051\" data-end=\"3086\">Right to restrict processing<\/p><\/li><li class=\"\" data-start=\"3087\" data-end=\"3136\"><p class=\"\" data-start=\"3089\" data-end=\"3136\">Right to object to the processing of your data<\/p><\/li><li class=\"\" data-start=\"3137\" data-end=\"3176\"><p class=\"\" data-start=\"3139\" data-end=\"3176\">Right to data portability<\/p><\/li><\/ul><p class=\"\" data-start=\"3178\" data-end=\"3285\">To exercise your rights, please contact us by email at the following address: alice.vallat@gmail.com<\/p><p class=\"\" data-start=\"3287\" data-end=\"3405\">In the event of an unresolved problem, you may lodge a complaint with the CNIL (www.cnil.fr).<\/p>\t\t\t\t\t\t\t\t<\/div>\n\t\t\t\t<\/div>\n\t\t\t\t<div class=\"elementor-element elementor-element-247ccb4 elementor-widget elementor-widget-heading\" data-id=\"247ccb4\" data-element_type=\"widget\" data-e-type=\"widget\" data-widget_type=\"heading.default\">\n\t\t\t\t<div class=\"elementor-widget-container\">\n\t\t\t\t\t<h2 class=\"elementor-heading-title elementor-size-default\">Security<\/h2>\t\t\t\t<\/div>\n\t\t\t\t<\/div>\n\t\t\t\t<div class=\"elementor-element elementor-element-18be7538 elementor-widget elementor-widget-text-editor\" data-id=\"18be7538\" data-element_type=\"widget\" data-e-type=\"widget\" data-widget_type=\"text-editor.default\">\n\t\t\t\t<div class=\"elementor-widget-container\">\n\t\t\t\t\t\t\t\t\t<p class=\"\" data-start=\"2879\" data-end=\"2936\">We implement all appropriate technical and organizational measures to protect your data against loss, unauthorized access or disclosure.<\/p>\t\t\t\t\t\t\t\t<\/div>\n\t\t\t\t<\/div>\n\t\t\t\t<div class=\"elementor-element elementor-element-1e3dfffd elementor-widget elementor-widget-heading\" data-id=\"1e3dfffd\" data-element_type=\"widget\" data-e-type=\"widget\" data-widget_type=\"heading.default\">\n\t\t\t\t<div class=\"elementor-widget-container\">\n\t\t\t\t\t<h2 class=\"elementor-heading-title elementor-size-default\">Changes to the privacy policy<\/h2>\t\t\t\t<\/div>\n\t\t\t\t<\/div>\n\t\t\t\t<div class=\"elementor-element elementor-element-4208894d elementor-widget elementor-widget-text-editor\" data-id=\"4208894d\" data-element_type=\"widget\" data-e-type=\"widget\" data-widget_type=\"text-editor.default\">\n\t\t\t\t<div class=\"elementor-widget-container\">\n\t\t\t\t\t\t\t\t\t<p class=\"\" data-start=\"2879\" data-end=\"2936\">We reserve the right to modify this privacy policy at any time to reflect legal or technical developments. Any updates will be posted on this page with the date of the update. <\/p>\t\t\t\t\t\t\t\t<\/div>\n\t\t\t\t<\/div>\n\t\t\t\t<\/div>\n\t\t\t\t<\/div>\n\t\t\t\t<\/div>\n\t\t\t\t<\/div>\n\t\t","protected":false},"excerpt":{"rendered":"<p>PRIVACY POLICY Last update: 04\/17\/2025 Introduction The website alicevallat.fr (hereinafter referred to as &#8220;the Site&#8221;) is committed to protecting your personal data. This privacy policy explains how your information is collected, used, and protected in accordance with the General Data Protection Regulation (GDPR). By using this Site, you agree to the collection and use of [&hellip;]<\/p>\n","protected":false},"author":1,"featured_media":0,"parent":0,"menu_order":0,"comment_status":"closed","ping_status":"closed","template":"","meta":{"footnotes":""},"class_list":["post-4214","page","type-page","status-publish","hentry"],"yoast_head":"<!-- This site is optimized with the Yoast SEO plugin v26.4 - https:\/\/yoast.com\/wordpress\/plugins\/seo\/ -->\n<title>PRIVACY POLICY - Alice Vallat<\/title>\n<meta name=\"robots\" content=\"index, follow, max-snippet:-1, max-image-preview:large, max-video-preview:-1\" \/>\n<link rel=\"canonical\" href=\"https:\/\/alicevallat.fr\/en\/privacy-policy\/\" \/>\n<meta property=\"og:locale\" content=\"en_US\" \/>\n<meta property=\"og:type\" content=\"article\" \/>\n<meta property=\"og:title\" content=\"PRIVACY POLICY - Alice Vallat\" \/>\n<meta property=\"og:description\" content=\"PRIVACY POLICY Last update: 04\/17\/2025 Introduction The website alicevallat.fr (hereinafter referred to as &#8220;the Site&#8221;) is committed to protecting your personal data. This privacy policy explains how your information is collected, used, and protected in accordance with the General Data Protection Regulation (GDPR). By using this Site, you agree to the collection and use of [&hellip;]\" \/>\n<meta property=\"og:url\" content=\"https:\/\/alicevallat.fr\/en\/privacy-policy\/\" \/>\n<meta property=\"og:site_name\" content=\"Alice Vallat\" \/>\n<meta property=\"article:publisher\" content=\"https:\/\/www.facebook.com\/AliceVallatEnergetique\/\" \/>\n<meta property=\"article:modified_time\" content=\"2025-07-28T08:48:38+00:00\" \/>\n<meta name=\"twitter:card\" content=\"summary_large_image\" \/>\n<meta name=\"twitter:label1\" content=\"Est. reading time\" \/>\n\t<meta name=\"twitter:data1\" content=\"2 minutes\" \/>\n<script type=\"application\/ld+json\" class=\"yoast-schema-graph\">{\"@context\":\"https:\/\/schema.org\",\"@graph\":[{\"@type\":\"WebPage\",\"@id\":\"https:\/\/alicevallat.fr\/en\/privacy-policy\/\",\"url\":\"https:\/\/alicevallat.fr\/en\/privacy-policy\/\",\"name\":\"PRIVACY POLICY - Alice Vallat\",\"isPartOf\":{\"@id\":\"https:\/\/alicevallat.fr\/en\/#website\"},\"datePublished\":\"2025-07-24T19:36:54+00:00\",\"dateModified\":\"2025-07-28T08:48:38+00:00\",\"breadcrumb\":{\"@id\":\"https:\/\/alicevallat.fr\/en\/privacy-policy\/#breadcrumb\"},\"inLanguage\":\"en-US\",\"potentialAction\":[{\"@type\":\"ReadAction\",\"target\":[\"https:\/\/alicevallat.fr\/en\/privacy-policy\/\"]}]},{\"@type\":\"BreadcrumbList\",\"@id\":\"https:\/\/alicevallat.fr\/en\/privacy-policy\/#breadcrumb\",\"itemListElement\":[{\"@type\":\"ListItem\",\"position\":1,\"name\":\"Accueil\",\"item\":\"https:\/\/alicevallat.fr\/en\/\"},{\"@type\":\"ListItem\",\"position\":2,\"name\":\"PRIVACY POLICY\"}]},{\"@type\":\"WebSite\",\"@id\":\"https:\/\/alicevallat.fr\/en\/#website\",\"url\":\"https:\/\/alicevallat.fr\/en\/\",\"name\":\"Alice Vallat\",\"description\":\"Th\u00e9rapie \u00e9nerg\u00e9tique\",\"publisher\":{\"@id\":\"https:\/\/alicevallat.fr\/en\/#organization\"},\"potentialAction\":[{\"@type\":\"SearchAction\",\"target\":{\"@type\":\"EntryPoint\",\"urlTemplate\":\"https:\/\/alicevallat.fr\/en\/?s={search_term_string}\"},\"query-input\":{\"@type\":\"PropertyValueSpecification\",\"valueRequired\":true,\"valueName\":\"search_term_string\"}}],\"inLanguage\":\"en-US\"},{\"@type\":\"Organization\",\"@id\":\"https:\/\/alicevallat.fr\/en\/#organization\",\"name\":\"Alice Vallat\",\"url\":\"https:\/\/alicevallat.fr\/en\/\",\"logo\":{\"@type\":\"ImageObject\",\"inLanguage\":\"en-US\",\"@id\":\"https:\/\/alicevallat.fr\/en\/#\/schema\/logo\/image\/\",\"url\":\"https:\/\/alicevallat.fr\/wp-content\/uploads\/2025\/07\/cropped-AV-LOGO-FONCE-scaled-1.png\",\"contentUrl\":\"https:\/\/alicevallat.fr\/wp-content\/uploads\/2025\/07\/cropped-AV-LOGO-FONCE-scaled-1.png\",\"width\":2519,\"height\":718,\"caption\":\"Alice Vallat\"},\"image\":{\"@id\":\"https:\/\/alicevallat.fr\/en\/#\/schema\/logo\/image\/\"},\"sameAs\":[\"https:\/\/www.facebook.com\/AliceVallatEnergetique\/\",\"https:\/\/www.instagram.com\/alice.vallat.therapeute\/\"]}]}<\/script>\n<!-- \/ Yoast SEO plugin. -->","yoast_head_json":{"title":"PRIVACY POLICY - Alice Vallat","robots":{"index":"index","follow":"follow","max-snippet":"max-snippet:-1","max-image-preview":"max-image-preview:large","max-video-preview":"max-video-preview:-1"},"canonical":"https:\/\/alicevallat.fr\/en\/privacy-policy\/","og_locale":"en_US","og_type":"article","og_title":"PRIVACY POLICY - Alice Vallat","og_description":"PRIVACY POLICY Last update: 04\/17\/2025 Introduction The website alicevallat.fr (hereinafter referred to as &#8220;the Site&#8221;) is committed to protecting your personal data. This privacy policy explains how your information is collected, used, and protected in accordance with the General Data Protection Regulation (GDPR). By using this Site, you agree to the collection and use of [&hellip;]","og_url":"https:\/\/alicevallat.fr\/en\/privacy-policy\/","og_site_name":"Alice Vallat","article_publisher":"https:\/\/www.facebook.com\/AliceVallatEnergetique\/","article_modified_time":"2025-07-28T08:48:38+00:00","twitter_card":"summary_large_image","twitter_misc":{"Est. reading time":"2 minutes"},"schema":{"@context":"https:\/\/schema.org","@graph":[{"@type":"WebPage","@id":"https:\/\/alicevallat.fr\/en\/privacy-policy\/","url":"https:\/\/alicevallat.fr\/en\/privacy-policy\/","name":"PRIVACY POLICY - Alice Vallat","isPartOf":{"@id":"https:\/\/alicevallat.fr\/en\/#website"},"datePublished":"2025-07-24T19:36:54+00:00","dateModified":"2025-07-28T08:48:38+00:00","breadcrumb":{"@id":"https:\/\/alicevallat.fr\/en\/privacy-policy\/#breadcrumb"},"inLanguage":"en-US","potentialAction":[{"@type":"ReadAction","target":["https:\/\/alicevallat.fr\/en\/privacy-policy\/"]}]},{"@type":"BreadcrumbList","@id":"https:\/\/alicevallat.fr\/en\/privacy-policy\/#breadcrumb","itemListElement":[{"@type":"ListItem","position":1,"name":"Accueil","item":"https:\/\/alicevallat.fr\/en\/"},{"@type":"ListItem","position":2,"name":"PRIVACY POLICY"}]},{"@type":"WebSite","@id":"https:\/\/alicevallat.fr\/en\/#website","url":"https:\/\/alicevallat.fr\/en\/","name":"Alice Vallat","description":"Th\u00e9rapie \u00e9nerg\u00e9tique","publisher":{"@id":"https:\/\/alicevallat.fr\/en\/#organization"},"potentialAction":[{"@type":"SearchAction","target":{"@type":"EntryPoint","urlTemplate":"https:\/\/alicevallat.fr\/en\/?s={search_term_string}"},"query-input":{"@type":"PropertyValueSpecification","valueRequired":true,"valueName":"search_term_string"}}],"inLanguage":"en-US"},{"@type":"Organization","@id":"https:\/\/alicevallat.fr\/en\/#organization","name":"Alice Vallat","url":"https:\/\/alicevallat.fr\/en\/","logo":{"@type":"ImageObject","inLanguage":"en-US","@id":"https:\/\/alicevallat.fr\/en\/#\/schema\/logo\/image\/","url":"https:\/\/alicevallat.fr\/wp-content\/uploads\/2025\/07\/cropped-AV-LOGO-FONCE-scaled-1.png","contentUrl":"https:\/\/alicevallat.fr\/wp-content\/uploads\/2025\/07\/cropped-AV-LOGO-FONCE-scaled-1.png","width":2519,"height":718,"caption":"Alice Vallat"},"image":{"@id":"https:\/\/alicevallat.fr\/en\/#\/schema\/logo\/image\/"},"sameAs":["https:\/\/www.facebook.com\/AliceVallatEnergetique\/","https:\/\/www.instagram.com\/alice.vallat.therapeute\/"]}]}},"_links":{"self":[{"href":"https:\/\/alicevallat.fr\/en\/wp-json\/wp\/v2\/pages\/4214","targetHints":{"allow":["GET"]}}],"collection":[{"href":"https:\/\/alicevallat.fr\/en\/wp-json\/wp\/v2\/pages"}],"about":[{"href":"https:\/\/alicevallat.fr\/en\/wp-json\/wp\/v2\/types\/page"}],"author":[{"embeddable":true,"href":"https:\/\/alicevallat.fr\/en\/wp-json\/wp\/v2\/users\/1"}],"replies":[{"embeddable":true,"href":"https:\/\/alicevallat.fr\/en\/wp-json\/wp\/v2\/comments?post=4214"}],"version-history":[{"count":1,"href":"https:\/\/alicevallat.fr\/en\/wp-json\/wp\/v2\/pages\/4214\/revisions"}],"predecessor-version":[{"id":4215,"href":"https:\/\/alicevallat.fr\/en\/wp-json\/wp\/v2\/pages\/4214\/revisions\/4215"}],"wp:attachment":[{"href":"https:\/\/alicevallat.fr\/en\/wp-json\/wp\/v2\/media?parent=4214"}],"curies":[{"name":"wp","href":"https:\/\/api.w.org\/{rel}","templated":true}]}}